{"id":12147,"date":"2022-03-15T10:53:44","date_gmt":"2022-03-15T09:53:44","guid":{"rendered":"https:\/\/www.frenchsif.org\/isr_esg\/?page_id=12147"},"modified":"2026-03-31T17:04:43","modified_gmt":"2026-03-31T15:04:43","slug":"focus-academique","status":"publish","type":"page","link":"https:\/\/www.frenchsif.org\/isr_esg\/newsletters\/focus-academique\/","title":{"rendered":"Focus acad\u00e9mique"},"content":{"rendered":"<div class=\"wpb-content-wrapper\"><p>[vc_section full_width=\u00a0\u00bbstretch_row_content\u00a0\u00bb css=\u00a0\u00bb.vc_custom_1657153880555{padding-bottom: 0px !important;}\u00a0\u00bb el_class=\u00a0\u00bboblique\u00a0\u00bb][vc_row rt_row_background_width=\u00a0\u00bbdefault\u00a0\u00bb rt_row_style=\u00a0\u00bbdefault-style\u00a0\u00bb rt_row_borders=\u00a0\u00bb\u00a0\u00bb rt_row_paddings=\u00a0\u00bbtrue\u00a0\u00bb rt_bg_effect=\u00a0\u00bbclassic\u00a0\u00bb rt_bg_image_repeat=\u00a0\u00bbrepeat\u00a0\u00bb rt_bg_size=\u00a0\u00bbcover\u00a0\u00bb rt_bg_position=\u00a0\u00bbright top\u00a0\u00bb rt_bg_attachment=\u00a0\u00bbscroll\u00a0\u00bb rt_bg_video_format=\u00a0\u00bbself-hosted\u00a0\u00bb class=\u00a0\u00bboblique presentation\u00a0\u00bb][vc_column rt_wrp_col_paddings=\u00a0\u00bbfalse\u00a0\u00bb rt_border_top=\u00a0\u00bb\u00a0\u00bb rt_border_bottom=\u00a0\u00bb\u00a0\u00bb rt_border_left=\u00a0\u00bb\u00a0\u00bb rt_border_right=\u00a0\u00bb\u00a0\u00bb rt_border_top_mobile=\u00a0\u00bb\u00a0\u00bb rt_border_bottom_mobile=\u00a0\u00bb\u00a0\u00bb rt_border_left_mobile=\u00a0\u00bb\u00a0\u00bb rt_border_right_mobile=\u00a0\u00bb\u00a0\u00bb rt_bg_image_repeat=\u00a0\u00bbrepeat\u00a0\u00bb rt_bg_size=\u00a0\u00bbauto auto\u00a0\u00bb rt_bg_position=\u00a0\u00bbright top\u00a0\u00bb rt_bg_attachment=\u00a0\u00bbscroll\u00a0\u00bb][vc_row_inner rt_row_style=\u00a0\u00bbglobal-style\u00a0\u00bb rt_column_placement=\u00a0\u00bbmiddle\u00a0\u00bb rt_row_borders=\u00a0\u00bb\u00a0\u00bb rt_equal_heights=\u00a0\u00bbtrue\u00a0\u00bb rt_row_paddings=\u00a0\u00bbtrue\u00a0\u00bb rt_bg_effect=\u00a0\u00bbclassic\u00a0\u00bb rt_bg_image_repeat=\u00a0\u00bbrepeat\u00a0\u00bb rt_bg_size=\u00a0\u00bbcover\u00a0\u00bb rt_bg_position=\u00a0\u00bbright top\u00a0\u00bb rt_bg_attachment=\u00a0\u00bbscroll\u00a0\u00bb rt_bg_video_format=\u00a0\u00bbself-hosted\u00a0\u00bb][vc_column_inner width=\u00a0\u00bb1\/2&Prime; rt_wrp_col_paddings=\u00a0\u00bbfalse\u00a0\u00bb rt_border_top=\u00a0\u00bb\u00a0\u00bb rt_border_bottom=\u00a0\u00bb\u00a0\u00bb rt_border_left=\u00a0\u00bb\u00a0\u00bb rt_border_right=\u00a0\u00bb\u00a0\u00bb rt_border_top_mobile=\u00a0\u00bb\u00a0\u00bb rt_border_bottom_mobile=\u00a0\u00bb\u00a0\u00bb rt_border_left_mobile=\u00a0\u00bb\u00a0\u00bb rt_border_right_mobile=\u00a0\u00bb\u00a0\u00bb rt_bg_image_repeat=\u00a0\u00bbrepeat\u00a0\u00bb rt_bg_size=\u00a0\u00bbauto auto\u00a0\u00bb rt_bg_position=\u00a0\u00bbright top\u00a0\u00bb rt_bg_attachment=\u00a0\u00bbscroll\u00a0\u00bb class=\u00a0\u00bbframe\u00a0\u00bb][vc_column_text el_class=\u00a0\u00bbintro\u00a0\u00bb]La newsletter Focus Acad\u00e9mique a pour objectif de rendre abordables pour les professionnels des papiers de recherche sur des th\u00e9matiques vari\u00e9es. Les newsletters sont r\u00e9dig\u00e9es par des membres de la Commission ou des doctorants.[\/vc_column_text][\/vc_column_inner][vc_column_inner width=\u00a0\u00bb1\/2&Prime; rt_wrp_col_paddings=\u00a0\u00bbfalse\u00a0\u00bb rt_border_top=\u00a0\u00bb\u00a0\u00bb rt_border_bottom=\u00a0\u00bb\u00a0\u00bb rt_border_left=\u00a0\u00bb\u00a0\u00bb rt_border_right=\u00a0\u00bb\u00a0\u00bb rt_border_top_mobile=\u00a0\u00bb\u00a0\u00bb rt_border_bottom_mobile=\u00a0\u00bb\u00a0\u00bb rt_border_left_mobile=\u00a0\u00bb\u00a0\u00bb rt_border_right_mobile=\u00a0\u00bb\u00a0\u00bb rt_bg_image_repeat=\u00a0\u00bbrepeat\u00a0\u00bb rt_bg_size=\u00a0\u00bbauto auto\u00a0\u00bb rt_bg_position=\u00a0\u00bbright top\u00a0\u00bb rt_bg_attachment=\u00a0\u00bbscroll\u00a0\u00bb][vc_column_text]<img loading=\"lazy\" decoding=\"async\" class=\"alignleft size-full wp-image-15243\" src=\"https:\/\/www.frenchsif.org\/isr_esg\/wp-content\/uploads\/2015nov18_pdj-cRecherche.jpg\" alt=\"\" width=\"800\" height=\"450\" srcset=\"https:\/\/www.frenchsif.org\/isr_esg\/wp-content\/uploads\/2015nov18_pdj-cRecherche.jpg 800w, https:\/\/www.frenchsif.org\/isr_esg\/wp-content\/uploads\/2015nov18_pdj-cRecherche-300x169.jpg 300w, https:\/\/www.frenchsif.org\/isr_esg\/wp-content\/uploads\/2015nov18_pdj-cRecherche-768x432.jpg 768w\" sizes=\"auto, (max-width: 800px) 100vw, 800px\" \/>[\/vc_column_text][\/vc_column_inner][\/vc_row_inner][\/vc_column][\/vc_row][\/vc_section][vc_section full_width=\u00a0\u00bbstretch_row_content\u00a0\u00bb el_class=\u00a0\u00bbbg\u00a0\u00bb css=\u00a0\u00bb.vc_custom_1656931481460{padding-top: 0px !important;}\u00a0\u00bb el_id=\u00a0\u00bbnewsletters\u00a0\u00bb][vc_row rt_row_background_width=\u00a0\u00bbdefault\u00a0\u00bb rt_row_style=\u00a0\u00bbdefault-style\u00a0\u00bb rt_row_borders=\u00a0\u00bb\u00a0\u00bb rt_row_paddings=\u00a0\u00bbtrue\u00a0\u00bb rt_bg_effect=\u00a0\u00bbclassic\u00a0\u00bb rt_bg_image_repeat=\u00a0\u00bbrepeat\u00a0\u00bb rt_bg_size=\u00a0\u00bbcover\u00a0\u00bb rt_bg_position=\u00a0\u00bbright top\u00a0\u00bb rt_bg_attachment=\u00a0\u00bbscroll\u00a0\u00bb rt_bg_video_format=\u00a0\u00bbself-hosted\u00a0\u00bb][vc_column rt_wrp_col_paddings=\u00a0\u00bbfalse\u00a0\u00bb rt_border_top=\u00a0\u00bb\u00a0\u00bb rt_border_bottom=\u00a0\u00bb\u00a0\u00bb rt_border_left=\u00a0\u00bb\u00a0\u00bb rt_border_right=\u00a0\u00bb\u00a0\u00bb rt_border_top_mobile=\u00a0\u00bb\u00a0\u00bb rt_border_bottom_mobile=\u00a0\u00bb\u00a0\u00bb rt_border_left_mobile=\u00a0\u00bb\u00a0\u00bb rt_border_right_mobile=\u00a0\u00bb\u00a0\u00bb rt_bg_image_repeat=\u00a0\u00bbrepeat\u00a0\u00bb rt_bg_size=\u00a0\u00bbauto auto\u00a0\u00bb rt_bg_position=\u00a0\u00bbright top\u00a0\u00bb rt_bg_attachment=\u00a0\u00bbscroll\u00a0\u00bb class=\u00a0\u00bbframe\u00a0\u00bb]<div class=\"rt_heading_wrapper style-5\">\n\t\t\t\t\t\t<h2 class=\"rt_heading  style-5\" >Newsletters<\/h2>\n\t\t\t\t\t<\/div>[vc_row_inner rt_row_style=\u00a0\u00bbglobal-style\u00a0\u00bb rt_row_borders=\u00a0\u00bb\u00a0\u00bb rt_row_paddings=\u00a0\u00bbtrue\u00a0\u00bb rt_bg_effect=\u00a0\u00bbclassic\u00a0\u00bb rt_bg_image_repeat=\u00a0\u00bbrepeat\u00a0\u00bb rt_bg_size=\u00a0\u00bbcover\u00a0\u00bb rt_bg_position=\u00a0\u00bbright top\u00a0\u00bb rt_bg_attachment=\u00a0\u00bbscroll\u00a0\u00bb rt_bg_video_format=\u00a0\u00bbself-hosted\u00a0\u00bb][vc_column_inner rt_wrp_col_paddings=\u00a0\u00bbfalse\u00a0\u00bb rt_border_top=\u00a0\u00bb\u00a0\u00bb rt_border_bottom=\u00a0\u00bb\u00a0\u00bb rt_border_left=\u00a0\u00bb\u00a0\u00bb rt_border_right=\u00a0\u00bb\u00a0\u00bb rt_border_top_mobile=\u00a0\u00bb\u00a0\u00bb rt_border_bottom_mobile=\u00a0\u00bb\u00a0\u00bb rt_border_left_mobile=\u00a0\u00bb\u00a0\u00bb rt_border_right_mobile=\u00a0\u00bb\u00a0\u00bb rt_bg_image_repeat=\u00a0\u00bbrepeat\u00a0\u00bb rt_bg_size=\u00a0\u00bbauto auto\u00a0\u00bb rt_bg_position=\u00a0\u00bbright top\u00a0\u00bb rt_bg_attachment=\u00a0\u00bbscroll\u00a0\u00bb class=\u00a0\u00bblogos\u00a0\u00bb][vc_column_text]<img loading=\"lazy\" decoding=\"async\" class=\"aligncenter wp-image-15022 size-medium\" src=\"https:\/\/www.frenchsif.org\/isr_esg\/wp-content\/uploads\/focus-academique-300x109.png\" alt=\"FOCUS ACAD\u00c9MIQUE\" width=\"300\" height=\"109\" srcset=\"https:\/\/www.frenchsif.org\/isr_esg\/wp-content\/uploads\/focus-academique-300x109.png 300w, https:\/\/www.frenchsif.org\/isr_esg\/wp-content\/uploads\/focus-academique-768x278.png 768w, https:\/\/www.frenchsif.org\/isr_esg\/wp-content\/uploads\/focus-academique.png 828w\" sizes=\"auto, (max-width: 300px) 100vw, 300px\" \/>[\/vc_column_text][\/vc_column_inner][\/vc_row_inner][vc_row_inner rt_row_style=\u00a0\u00bbglobal-style\u00a0\u00bb rt_row_borders=\u00a0\u00bb\u00a0\u00bb rt_row_paddings=\u00a0\u00bbtrue\u00a0\u00bb rt_bg_effect=\u00a0\u00bbclassic\u00a0\u00bb rt_bg_image_repeat=\u00a0\u00bbrepeat\u00a0\u00bb rt_bg_size=\u00a0\u00bbcover\u00a0\u00bb rt_bg_position=\u00a0\u00bbright top\u00a0\u00bb rt_bg_attachment=\u00a0\u00bbscroll\u00a0\u00bb rt_bg_video_format=\u00a0\u00bbself-hosted\u00a0\u00bb][vc_column_inner rt_wrp_col_paddings=\u00a0\u00bbfalse\u00a0\u00bb rt_border_top=\u00a0\u00bb\u00a0\u00bb rt_border_bottom=\u00a0\u00bb\u00a0\u00bb rt_border_left=\u00a0\u00bb\u00a0\u00bb rt_border_right=\u00a0\u00bb\u00a0\u00bb rt_border_top_mobile=\u00a0\u00bb\u00a0\u00bb rt_border_bottom_mobile=\u00a0\u00bb\u00a0\u00bb rt_border_left_mobile=\u00a0\u00bb\u00a0\u00bb rt_border_right_mobile=\u00a0\u00bb\u00a0\u00bb rt_bg_image_repeat=\u00a0\u00bbrepeat\u00a0\u00bb rt_bg_size=\u00a0\u00bbauto auto\u00a0\u00bb rt_bg_position=\u00a0\u00bbright top\u00a0\u00bb rt_bg_attachment=\u00a0\u00bbscroll\u00a0\u00bb][vc_separator style=\u00a0\u00bbstyle-3&Prime;]\t \n\t\t<section  class=\"timeline  \">\n\t\t\t \n\t\t<div  >\n\t\t\t \n\t\t<span class=\"event-date\">\n\t\t\t<span class=\"day\"><\/span>\n\t\t\t<span class=\"month\">Janvier<\/span>\n\t\t\t<span class=\"year\">2026<\/span>\n\t\t<\/span>\n\t<div class=\"event-details\"><p><strong><a href=\"https:\/\/mailchi.mp\/frenchsif.org\/focus-acadmique-nature-economie-stabilite-financiere-2\" target=\"_blank\" rel=\"noopener\">Nature, \u00e9conomie et stabilit\u00e9 financi\u00e8re<\/a><\/strong><\/p>\n<\/div>\n\t\t<\/div>\n\t\t \n\t\t<div  >\n\t\t\t \n\t\t<span class=\"event-date\">\n\t\t\t<span class=\"day\"><\/span>\n\t\t\t<span class=\"month\">Octobre<\/span>\n\t\t\t<span class=\"year\">2025<\/span>\n\t\t<\/span>\n\t<div class=\"event-details\"><p><strong><a href=\"https:\/\/mailchi.mp\/frenchsif.org\/focus-acadmique-political-economy-of-green-investing\" target=\"_blank\" rel=\"noopener\">\u00c9lections am\u00e9ricaines 2025 : Quelles cons\u00e9quences sur les strat\u00e9gies d&rsquo;investissement responsable ?<\/a><\/strong><\/p>\n<\/div>\n\t\t<\/div>\n\t\t \n\t\t<div  >\n\t\t\t \n\t\t<span class=\"event-date\">\n\t\t\t<span class=\"day\"><\/span>\n\t\t\t<span class=\"month\">Octobre<\/span>\n\t\t\t<span class=\"year\">2025<\/span>\n\t\t<\/span>\n\t<div class=\"event-details\"><p><a href=\"https:\/\/mailchi.mp\/frenchsif.org\/focus-academique-prix-fir-pri-2025\" target=\"_blank\" rel=\"noopener\"><strong>Les laur\u00e9ats des Prix FIR-PRI 2025<\/strong><\/a><\/p>\n<\/div>\n\t\t<\/div>\n\t\t \n\t\t<div  >\n\t\t\t \n\t\t<span class=\"event-date\">\n\t\t\t<span class=\"day\"><\/span>\n\t\t\t<span class=\"month\">Juin<\/span>\n\t\t\t<span class=\"year\">2025<\/span>\n\t\t<\/span>\n\t<div class=\"event-details\"><p><a href=\"https:\/\/mailchi.mp\/frenchsif.org\/focus-acadmique-risques-ecologiques-nature-biodiversite\" target=\"_blank\" rel=\"noopener\"><strong>Nature &amp; Biodiversit\u00e9 : Risques \u00e9cologiques li\u00e9s aux entreprises<\/strong><\/a><\/p>\n<\/div>\n\t\t<\/div>\n\t\t \n\t\t<div  >\n\t\t\t \n\t\t<span class=\"event-date\">\n\t\t\t<span class=\"day\"><\/span>\n\t\t\t<span class=\"month\">Avril<\/span>\n\t\t\t<span class=\"year\">2025<\/span>\n\t\t<\/span>\n\t<div class=\"event-details\"><p><strong><a href=\"https:\/\/mailchi.mp\/frenchsif.org\/focus-acadmique-ia-investissement-durable\" target=\"_blank\" rel=\"noopener\">IA &amp; Investissement responsable<\/a><\/strong><\/p>\n<\/div>\n\t\t<\/div>\n\t\t \n\t\t<div  >\n\t\t\t \n\t\t<span class=\"event-date\">\n\t\t\t<span class=\"day\"><\/span>\n\t\t\t<span class=\"month\">D\u00e9cembre<\/span>\n\t\t\t<span class=\"year\">2024<\/span>\n\t\t<\/span>\n\t<div class=\"event-details\"><p><strong><a href=\"https:\/\/mailchi.mp\/frenchsif.org\/focus-acadmique-heat-sovereign-bond-market\" target=\"_blank\" rel=\"noopener\">Heat Distributed Unequally in the Sovereign Bond Market<\/a><\/strong><\/p>\n<\/div>\n\t\t<\/div>\n\t\t \n\t\t<div  >\n\t\t\t \n\t\t<span class=\"event-date\">\n\t\t\t<span class=\"day\"><\/span>\n\t\t\t<span class=\"month\">Novembre<\/span>\n\t\t\t<span class=\"year\">2024<\/span>\n\t\t<\/span>\n\t<div class=\"event-details\"><p><strong><a href=\"https:\/\/mailchi.mp\/frenchsif.org\/focus-academique-prix-fir-pri-2024\" target=\"_blank\" rel=\"noopener\">Les laur\u00e9ats des Prix FIR-PRI 2024<\/a><\/strong><\/p>\n<\/div>\n\t\t<\/div>\n\t\t \n\t\t<div  >\n\t\t\t \n\t\t<span class=\"event-date\">\n\t\t\t<span class=\"day\"><\/span>\n\t\t\t<span class=\"month\">mai<\/span>\n\t\t\t<span class=\"year\">2024<\/span>\n\t\t<\/span>\n\t<div class=\"event-details\"><p><a href=\"https:\/\/mailchi.mp\/frenchsif.org\/focus-acadmique-democratie-regulation-en-finance-durable\" target=\"_blank\" rel=\"noopener\"><b>D\u00e9mocratie &amp; R\u00e9gulation en Finance Durable<\/b><\/a><\/p>\n<\/div>\n\t\t<\/div>\n\t\t \n\t\t<div  >\n\t\t\t \n\t\t<span class=\"event-date\">\n\t\t\t<span class=\"day\"><\/span>\n\t\t\t<span class=\"month\">mars<\/span>\n\t\t\t<span class=\"year\">2024<\/span>\n\t\t<\/span>\n\t<div class=\"event-details\"><p><a href=\"https:\/\/mailchi.mp\/frenchsif.org\/focus-academique-prix-fir-pri-2023\" target=\"_blank\" rel=\"noopener\"><b>Les laur\u00e9ats des Prix FIR-PRI 2023<\/b><\/a><\/p>\n<\/div>\n\t\t<\/div>\n\t\t \n\t\t<div  >\n\t\t\t \n\t\t<span class=\"event-date\">\n\t\t\t<span class=\"day\"><\/span>\n\t\t\t<span class=\"month\">mai<\/span>\n\t\t\t<span class=\"year\">2023<\/span>\n\t\t<\/span>\n\t<div class=\"event-details\"><p><a href=\"https:\/\/mailchi.mp\/frenchsif.org\/focus-acadmique-les-leviers-defficacit-de-lengagement-actionnarial-collaboratif\"><b>Les leviers d&rsquo;efficacit\u00e9 de l&rsquo;engagement actionnarial collaboratif<\/b><\/a><\/p>\n<\/div>\n\t\t<\/div>\n\t\t \n\t\t<div  >\n\t\t\t \n\t\t<span class=\"event-date\">\n\t\t\t<span class=\"day\"><\/span>\n\t\t\t<span class=\"month\">d\u00e9cembre<\/span>\n\t\t\t<span class=\"year\">2022<\/span>\n\t\t<\/span>\n\t<div class=\"event-details\"><p><a href=\"https:\/\/mailchi.mp\/frenchsif.org\/focus-academique-prix-fir-pri-2022\"><strong>Les laur\u00e9ats des Prix FIR-PRI 2022<\/strong><\/a><\/p>\n<\/div>\n\t\t<\/div>\n\t\t \n\t\t<div  >\n\t\t\t \n\t\t<span class=\"event-date\">\n\t\t\t<span class=\"day\"><\/span>\n\t\t\t<span class=\"month\">mai<\/span>\n\t\t\t<span class=\"year\">2022<\/span>\n\t\t<\/span>\n\t<div class=\"event-details\"><p><a href=\"https:\/\/mailchi.mp\/frenchsif.org\/focus-academique-mai\" target=\"_blank\" rel=\"noopener\"><strong>Sp\u00e9cial engagement actionnarial<\/strong><\/a><\/p>\n<\/div>\n\t\t<\/div>\n\t\t \n\t\t<div  >\n\t\t\t \n\t\t<span class=\"event-date\">\n\t\t\t<span class=\"day\"><\/span>\n\t\t\t<span class=\"month\">novembre<\/span>\n\t\t\t<span class=\"year\">2021<\/span>\n\t\t<\/span>\n\t<div class=\"event-details\"><p><a href=\"http:\/\/mailchi.mp\/frenchsif\/focus-academique-novembre-2021\"><strong>Les laur\u00e9ats des Prix FIR-PRI 2021<\/strong><\/a><\/p>\n<\/div>\n\t\t<\/div>\n\t\t \n\t\t<div  >\n\t\t\t \n\t\t<span class=\"event-date\">\n\t\t\t<span class=\"day\"><\/span>\n\t\t\t<span class=\"month\">octobre<\/span>\n\t\t\t<span class=\"year\">2021<\/span>\n\t\t<\/span>\n\t<div class=\"event-details\"><p><a href=\"http:\/\/mailchi.mp\/frenchsif\/focus-academique-octobre-2021\"><strong>Impact du d\u00e9sinvestissement des \u00e9nergies fossiles<\/strong><\/a><\/p>\n<\/div>\n\t\t<\/div>\n\t\t \n\t\t<div  >\n\t\t\t \n\t\t<span class=\"event-date\">\n\t\t\t<span class=\"day\"><\/span>\n\t\t\t<span class=\"month\">janvier<\/span>\n\t\t\t<span class=\"year\">2021<\/span>\n\t\t<\/span>\n\t<div class=\"event-details\"><p><a href=\"https:\/\/mailchi.mp\/frenchsif\/focus-academique-6\"><strong>Les laur\u00e9ats des Prix FIR-PRI 2020<\/strong><\/a><\/p>\n<\/div>\n\t\t<\/div>\n\t\t \n\t\t<div  >\n\t\t\t \n\t\t<span class=\"event-date\">\n\t\t\t<span class=\"day\"><\/span>\n\t\t\t<span class=\"month\">novembre<\/span>\n\t\t\t<span class=\"year\">2020<\/span>\n\t\t<\/span>\n\t<div class=\"event-details\"><p><a href=\"https:\/\/mailchi.mp\/frenchsif\/focus-acadmique-5-biodiv\"><strong>Sp\u00e9cial biodiversit\u00e9<\/strong><\/a><\/p>\n<\/div>\n\t\t<\/div>\n\t\t \n\t\t<div  >\n\t\t\t \n\t\t<span class=\"event-date\">\n\t\t\t<span class=\"day\"><\/span>\n\t\t\t<span class=\"month\">septembre<\/span>\n\t\t\t<span class=\"year\">2020<\/span>\n\t\t<\/span>\n\t<div class=\"event-details\"><p><a href=\"http:\/\/mailchi.mp\/frenchsif\/focus-academique-financement-enr\"><strong>Financement des \u00e9nergies renouvelables<\/strong><\/a><\/p>\n<\/div>\n\t\t<\/div>\n\t\t \n\t\t<div  >\n\t\t\t \n\t\t<span class=\"event-date\">\n\t\t\t<span class=\"day\"><\/span>\n\t\t\t<span class=\"month\">juin<\/span>\n\t\t\t<span class=\"year\">2020<\/span>\n\t\t<\/span>\n\t<div class=\"event-details\"><p><a href=\"http:\/\/mailchi.mp\/frenchsif\/focus-acadmique-3-changement-climatique-desinvestissement\"><strong>Impact sur le secteur de l&rsquo;alimentation de l\u2019\u00e9volution des s\u00e9cheresses li\u00e9e au r\u00e9chauffement climatique<\/strong><\/a><\/p>\n<\/div>\n\t\t<\/div>\n\t\t \n\t\t<div  >\n\t\t\t \n\t\t<span class=\"event-date\">\n\t\t\t<span class=\"day\"><\/span>\n\t\t\t<span class=\"month\">avril<\/span>\n\t\t\t<span class=\"year\">2020<\/span>\n\t\t<\/span>\n\t<div class=\"event-details\"><p><a href=\"https:\/\/mailchi.mp\/frenchsif\/focus-acadmique-2-un-prix-nobel-lhonneur\"><strong>Les prix Nobel d\u2019\u00e9conomie 2019 Esther Duflot et Abhijit V. Banerjee<\/strong><\/a><\/p>\n<\/div>\n\t\t<\/div>\n\t\t \n\t\t<div  >\n\t\t\t \n\t\t<span class=\"event-date\">\n\t\t\t<span class=\"day\"><\/span>\n\t\t\t<span class=\"month\">decembre<\/span>\n\t\t\t<span class=\"year\">2019<\/span>\n\t\t<\/span>\n\t<div class=\"event-details\"><p><a href=\"https:\/\/mailchi.mp\/frenchsif\/focus-acadmique-n1\"><strong>Les laur\u00e9ats des Prix FIR-PRI 2019<\/strong><\/a><\/p>\n<\/div>\n\t\t<\/div>\n\t\n\t\t<\/section>\n\t[vc_btn title=\u00a0\u00bbS&rsquo;inscrire \u00e0 la newsletter\u00a0\u00bb color=\u00a0\u00bbpink\u00a0\u00bb align=\u00a0\u00bbcenter\u00a0\u00bb link=\u00a0\u00bburl:https%3A%2F%2Ffrenchsif.us4.list-manage.com%2Fsubscribe%3Fu%3D84f153a0b1b1f099277fe66f7%26id%3D4740ff7470|target:_blank|rel:nofollow\u00a0\u00bb el_class=\u00a0\u00bbinscription\u00a0\u00bb][\/vc_column_inner][\/vc_row_inner][\/vc_column][\/vc_row][\/vc_section][vc_section full_width=\u00a0\u00bbstretch_row_content\u00a0\u00bb el_id=\u00a0\u00bbfil-actus\u00a0\u00bb][vc_row rt_row_background_width=\u00a0\u00bbdefault\u00a0\u00bb rt_row_style=\u00a0\u00bbdefault-style\u00a0\u00bb rt_row_borders=\u00a0\u00bb\u00a0\u00bb rt_col_anim=\u00a0\u00bbtrue\u00a0\u00bb rt_row_paddings=\u00a0\u00bbtrue\u00a0\u00bb rt_bg_effect=\u00a0\u00bbclassic\u00a0\u00bb rt_bg_image_repeat=\u00a0\u00bbrepeat\u00a0\u00bb rt_bg_size=\u00a0\u00bbcover\u00a0\u00bb rt_bg_position=\u00a0\u00bbright top\u00a0\u00bb rt_bg_attachment=\u00a0\u00bbscroll\u00a0\u00bb rt_bg_video_format=\u00a0\u00bbself-hosted\u00a0\u00bb][vc_column width=\u00a0\u00bb5\/6&Prime; rt_wrp_col_paddings=\u00a0\u00bbfalse\u00a0\u00bb rt_border_top=\u00a0\u00bb\u00a0\u00bb rt_border_bottom=\u00a0\u00bb\u00a0\u00bb rt_border_left=\u00a0\u00bb\u00a0\u00bb rt_border_right=\u00a0\u00bb\u00a0\u00bb rt_border_top_mobile=\u00a0\u00bb\u00a0\u00bb rt_border_bottom_mobile=\u00a0\u00bb\u00a0\u00bb rt_border_left_mobile=\u00a0\u00bb\u00a0\u00bb rt_border_right_mobile=\u00a0\u00bb\u00a0\u00bb rt_bg_image_repeat=\u00a0\u00bbrepeat\u00a0\u00bb rt_bg_size=\u00a0\u00bbauto auto\u00a0\u00bb rt_bg_position=\u00a0\u00bbright top\u00a0\u00bb rt_bg_attachment=\u00a0\u00bbscroll\u00a0\u00bb][\/vc_column][vc_column width=\u00a0\u00bb1\/6&Prime; rt_wrp_col_paddings=\u00a0\u00bbfalse\u00a0\u00bb rt_border_top=\u00a0\u00bb\u00a0\u00bb rt_border_bottom=\u00a0\u00bb\u00a0\u00bb rt_border_left=\u00a0\u00bb\u00a0\u00bb rt_border_right=\u00a0\u00bb\u00a0\u00bb rt_border_top_mobile=\u00a0\u00bb\u00a0\u00bb rt_border_bottom_mobile=\u00a0\u00bb\u00a0\u00bb rt_border_left_mobile=\u00a0\u00bb\u00a0\u00bb rt_border_right_mobile=\u00a0\u00bb\u00a0\u00bb rt_bg_image_repeat=\u00a0\u00bbrepeat\u00a0\u00bb rt_bg_size=\u00a0\u00bbauto auto\u00a0\u00bb rt_bg_position=\u00a0\u00bbright top\u00a0\u00bb rt_bg_attachment=\u00a0\u00bbscroll\u00a0\u00bb class=\u00a0\u00bbsub-menu-fixed\u00a0\u00bb][vc_wp_custommenu nav_menu=\u00a0\u00bb209&Prime;][vc_wp_custommenu nav_menu=\u00a0\u00bb50&Prime;][\/vc_column][\/vc_row][vc_row rt_row_background_width=\u00a0\u00bbdefault\u00a0\u00bb rt_row_style=\u00a0\u00bbdefault-style\u00a0\u00bb rt_row_borders=\u00a0\u00bb\u00a0\u00bb rt_row_paddings=\u00a0\u00bbtrue\u00a0\u00bb rt_bg_effect=\u00a0\u00bbclassic\u00a0\u00bb rt_bg_image_repeat=\u00a0\u00bbrepeat\u00a0\u00bb rt_bg_size=\u00a0\u00bbcover\u00a0\u00bb rt_bg_position=\u00a0\u00bbright top\u00a0\u00bb rt_bg_attachment=\u00a0\u00bbscroll\u00a0\u00bb rt_bg_video_format=\u00a0\u00bbself-hosted\u00a0\u00bb rt_padding_bottom=\u00a0\u00bb3%\u00a0\u00bb][vc_column rt_wrp_col_paddings=\u00a0\u00bbfalse\u00a0\u00bb rt_border_top=\u00a0\u00bb\u00a0\u00bb rt_border_bottom=\u00a0\u00bb\u00a0\u00bb rt_border_left=\u00a0\u00bb\u00a0\u00bb rt_border_right=\u00a0\u00bb\u00a0\u00bb rt_border_top_mobile=\u00a0\u00bb\u00a0\u00bb rt_border_bottom_mobile=\u00a0\u00bb\u00a0\u00bb rt_border_left_mobile=\u00a0\u00bb\u00a0\u00bb rt_border_right_mobile=\u00a0\u00bb\u00a0\u00bb rt_bg_image_repeat=\u00a0\u00bbrepeat\u00a0\u00bb rt_bg_size=\u00a0\u00bbauto auto\u00a0\u00bb rt_bg_position=\u00a0\u00bbright top\u00a0\u00bb rt_bg_attachment=\u00a0\u00bbscroll\u00a0\u00bb]<div class=\"rt_heading_wrapper \">\n\t\t\t\t\t\t<h2 class=\"rt_heading  \" ><i>Actualit\u00e9s relatives :<\/i> Recherche acad\u00e9mique<\/h2>\n\t\t\t\t\t<\/div>[vc_basic_grid post_type=\u00a0\u00bbpost\u00a0\u00bb max_items=\u00a0\u00bb20&Prime; style=\u00a0\u00bbload-more\u00a0\u00bb items_per_page=\u00a0\u00bb6&Prime; item=\u00a0\u00bb18301&Prime; btn_title=\u00a0\u00bb`{`+`}` d&rsquo;articles &#8230;\u00a0\u00bb btn_style=\u00a0\u00bbmodern\u00a0\u00bb btn_color=\u00a0\u00bbdefault\u00a0\u00bb btn_size=\u00a0\u00bbxs\u00a0\u00bb grid_id=\u00a0\u00bbvc_gid:1774969458213-25fda36c-e86a-1&Prime; taxonomies=\u00a0\u00bb181&Prime;][\/vc_column][\/vc_row][\/vc_section]<\/p>\n<\/div>","protected":false},"excerpt":{"rendered":"<p>[vc_section full_width=\u00a0\u00bbstretch_row_content\u00a0\u00bb css=\u00a0\u00bb.vc_custom_1657153880555{padding-bottom: 0px !important;}\u00a0\u00bb el_class=\u00a0\u00bboblique\u00a0\u00bb][vc_row rt_row_background_width=\u00a0\u00bbdefault\u00a0\u00bb rt_row_style=\u00a0\u00bbdefault-style\u00a0\u00bb rt_row_borders=\u00a0\u00bb\u00a0\u00bb rt_row_paddings=\u00a0\u00bbtrue\u00a0\u00bb rt_bg_effect=\u00a0\u00bbclassic\u00a0\u00bb rt_bg_image_repeat=\u00a0\u00bbrepeat\u00a0\u00bb rt_bg_size=\u00a0\u00bbcover\u00a0\u00bb rt_bg_position=\u00a0\u00bbright top\u00a0\u00bb rt_bg_attachment=\u00a0\u00bbscroll\u00a0\u00bb rt_bg_video_format=\u00a0\u00bbself-hosted\u00a0\u00bb class=\u00a0\u00bboblique presentation\u00a0\u00bb][vc_column rt_wrp_col_paddings=\u00a0\u00bbfalse\u00a0\u00bb rt_border_top=\u00a0\u00bb\u00a0\u00bb rt_border_bottom=\u00a0\u00bb\u00a0\u00bb rt_border_left=\u00a0\u00bb\u00a0\u00bb rt_border_right=\u00a0\u00bb\u00a0\u00bb rt_border_top_mobile=\u00a0\u00bb\u00a0\u00bb rt_border_bottom_mobile=\u00a0\u00bb\u00a0\u00bb rt_border_left_mobile=\u00a0\u00bb\u00a0\u00bb rt_border_right_mobile=\u00a0\u00bb\u00a0\u00bb rt_bg_image_repeat=\u00a0\u00bbrepeat\u00a0\u00bb rt_bg_size=\u00a0\u00bbauto auto\u00a0\u00bb rt_bg_position=\u00a0\u00bbright top\u00a0\u00bb rt_bg_attachment=\u00a0\u00bbscroll\u00a0\u00bb][vc_row_inner rt_row_style=\u00a0\u00bbglobal-style\u00a0\u00bb rt_column_placement=\u00a0\u00bbmiddle\u00a0\u00bb rt_row_borders=\u00a0\u00bb\u00a0\u00bb rt_equal_heights=\u00a0\u00bbtrue\u00a0\u00bb rt_row_paddings=\u00a0\u00bbtrue\u00a0\u00bb rt_bg_effect=\u00a0\u00bbclassic\u00a0\u00bb rt_bg_image_repeat=\u00a0\u00bbrepeat\u00a0\u00bb rt_bg_size=\u00a0\u00bbcover\u00a0\u00bb rt_bg_position=\u00a0\u00bbright top\u00a0\u00bb rt_bg_attachment=\u00a0\u00bbscroll\u00a0\u00bb rt_bg_video_format=\u00a0\u00bbself-hosted\u00a0\u00bb][vc_column_inner width=\u00a0\u00bb1\/2&Prime; rt_wrp_col_paddings=\u00a0\u00bbfalse\u00a0\u00bb rt_border_top=\u00a0\u00bb\u00a0\u00bb rt_border_bottom=\u00a0\u00bb\u00a0\u00bb rt_border_left=\u00a0\u00bb\u00a0\u00bb rt_border_right=\u00a0\u00bb\u00a0\u00bb rt_border_top_mobile=\u00a0\u00bb\u00a0\u00bb rt_border_bottom_mobile=\u00a0\u00bb\u00a0\u00bb rt_border_left_mobile=\u00a0\u00bb\u00a0\u00bb [&hellip;]<\/p>\n","protected":false},"author":3,"featured_media":0,"parent":19309,"menu_order":0,"comment_status":"closed","ping_status":"closed","template":"","meta":{"footnotes":""},"class_list":["post-12147","page","type-page","status-publish","hentry"],"_links":{"self":[{"href":"https:\/\/www.frenchsif.org\/isr_esg\/wp-json\/wp\/v2\/pages\/12147","targetHints":{"allow":["GET"]}}],"collection":[{"href":"https:\/\/www.frenchsif.org\/isr_esg\/wp-json\/wp\/v2\/pages"}],"about":[{"href":"https:\/\/www.frenchsif.org\/isr_esg\/wp-json\/wp\/v2\/types\/page"}],"author":[{"embeddable":true,"href":"https:\/\/www.frenchsif.org\/isr_esg\/wp-json\/wp\/v2\/users\/3"}],"replies":[{"embeddable":true,"href":"https:\/\/www.frenchsif.org\/isr_esg\/wp-json\/wp\/v2\/comments?post=12147"}],"version-history":[{"count":1,"href":"https:\/\/www.frenchsif.org\/isr_esg\/wp-json\/wp\/v2\/pages\/12147\/revisions"}],"predecessor-version":[{"id":28799,"href":"https:\/\/www.frenchsif.org\/isr_esg\/wp-json\/wp\/v2\/pages\/12147\/revisions\/28799"}],"up":[{"embeddable":true,"href":"https:\/\/www.frenchsif.org\/isr_esg\/wp-json\/wp\/v2\/pages\/19309"}],"wp:attachment":[{"href":"https:\/\/www.frenchsif.org\/isr_esg\/wp-json\/wp\/v2\/media?parent=12147"}],"curies":[{"name":"wp","href":"https:\/\/api.w.org\/{rel}","templated":true}]}}