{"id":10879,"date":"2012-02-14T13:21:30","date_gmt":"2012-02-14T12:21:30","guid":{"rendered":"https:\/\/www.frenchsif.org\/isr_esg\/?page_id=68"},"modified":"2022-07-09T04:01:13","modified_gmt":"2022-07-09T02:01:13","slug":"informations-legales","status":"publish","type":"page","link":"https:\/\/www.frenchsif.org\/isr_esg\/informations-legales\/","title":{"rendered":"Informations l\u00e9gales"},"content":{"rendered":"<div class=\"wpb-content-wrapper\"><p>[vc_row rt_row_background_width=\u00a0\u00bbdefault\u00a0\u00bb rt_row_style=\u00a0\u00bbdefault-style\u00a0\u00bb rt_row_borders=\u00a0\u00bb\u00a0\u00bb rt_row_paddings=\u00a0\u00bbtrue\u00a0\u00bb rt_bg_effect=\u00a0\u00bbclassic\u00a0\u00bb rt_bg_image_repeat=\u00a0\u00bbrepeat\u00a0\u00bb rt_bg_size=\u00a0\u00bbcover\u00a0\u00bb rt_bg_position=\u00a0\u00bbright top\u00a0\u00bb rt_bg_attachment=\u00a0\u00bbscroll\u00a0\u00bb rt_bg_video_format=\u00a0\u00bbself-hosted\u00a0\u00bb][vc_column rt_wrp_col_paddings=\u00a0\u00bbfalse\u00a0\u00bb rt_border_top=\u00a0\u00bb\u00a0\u00bb rt_border_bottom=\u00a0\u00bb\u00a0\u00bb rt_border_left=\u00a0\u00bb\u00a0\u00bb rt_border_right=\u00a0\u00bb\u00a0\u00bb rt_border_top_mobile=\u00a0\u00bb\u00a0\u00bb rt_border_bottom_mobile=\u00a0\u00bb\u00a0\u00bb rt_border_left_mobile=\u00a0\u00bb\u00a0\u00bb rt_border_right_mobile=\u00a0\u00bb\u00a0\u00bb rt_bg_image_repeat=\u00a0\u00bbrepeat\u00a0\u00bb rt_bg_size=\u00a0\u00bbauto auto\u00a0\u00bb rt_bg_position=\u00a0\u00bbright top\u00a0\u00bb rt_bg_attachment=\u00a0\u00bbscroll\u00a0\u00bb][vc_column_text]<\/p>\n<h1>Forum pour l&rsquo;Investissement Responsable (FIR)<\/h1>\n<p>[\/vc_column_text][\/vc_column][\/vc_row][vc_row rt_row_background_width=\u00a0\u00bbdefault\u00a0\u00bb rt_row_style=\u00a0\u00bbdefault-style\u00a0\u00bb rt_row_borders=\u00a0\u00bb\u00a0\u00bb rt_row_paddings=\u00a0\u00bbtrue\u00a0\u00bb rt_bg_effect=\u00a0\u00bbclassic\u00a0\u00bb rt_bg_image_repeat=\u00a0\u00bbrepeat\u00a0\u00bb rt_bg_size=\u00a0\u00bbcover\u00a0\u00bb rt_bg_position=\u00a0\u00bbright top\u00a0\u00bb rt_bg_attachment=\u00a0\u00bbscroll\u00a0\u00bb rt_bg_video_format=\u00a0\u00bbself-hosted\u00a0\u00bb][vc_column width=\u00a0\u00bb1\/2&Prime; rt_wrp_col_paddings=\u00a0\u00bbfalse\u00a0\u00bb rt_border_top=\u00a0\u00bb\u00a0\u00bb rt_border_bottom=\u00a0\u00bb\u00a0\u00bb rt_border_left=\u00a0\u00bb\u00a0\u00bb rt_border_right=\u00a0\u00bb\u00a0\u00bb rt_border_top_mobile=\u00a0\u00bb\u00a0\u00bb rt_border_bottom_mobile=\u00a0\u00bb\u00a0\u00bb rt_border_left_mobile=\u00a0\u00bb\u00a0\u00bb rt_border_right_mobile=\u00a0\u00bb\u00a0\u00bb rt_bg_image_repeat=\u00a0\u00bbrepeat\u00a0\u00bb rt_bg_size=\u00a0\u00bbauto auto\u00a0\u00bb rt_bg_position=\u00a0\u00bbright top\u00a0\u00bb rt_bg_attachment=\u00a0\u00bbscroll\u00a0\u00bb][vc_row_inner rt_row_style=\u00a0\u00bbglobal-style\u00a0\u00bb rt_row_borders=\u00a0\u00bb\u00a0\u00bb rt_row_paddings=\u00a0\u00bbtrue\u00a0\u00bb rt_bg_effect=\u00a0\u00bbclassic\u00a0\u00bb rt_bg_image_repeat=\u00a0\u00bbrepeat\u00a0\u00bb rt_bg_size=\u00a0\u00bbcover\u00a0\u00bb rt_bg_position=\u00a0\u00bbright top\u00a0\u00bb rt_bg_attachment=\u00a0\u00bbscroll\u00a0\u00bb rt_bg_video_format=\u00a0\u00bbself-hosted\u00a0\u00bb][vc_column_inner rt_wrp_col_paddings=\u00a0\u00bbfalse\u00a0\u00bb rt_border_top=\u00a0\u00bb\u00a0\u00bb rt_border_bottom=\u00a0\u00bb\u00a0\u00bb rt_border_left=\u00a0\u00bb\u00a0\u00bb rt_border_right=\u00a0\u00bb\u00a0\u00bb rt_border_top_mobile=\u00a0\u00bb\u00a0\u00bb rt_border_bottom_mobile=\u00a0\u00bb\u00a0\u00bb rt_border_left_mobile=\u00a0\u00bb\u00a0\u00bb rt_border_right_mobile=\u00a0\u00bb\u00a0\u00bb rt_bg_image_repeat=\u00a0\u00bbrepeat\u00a0\u00bb rt_bg_size=\u00a0\u00bbauto auto\u00a0\u00bb rt_bg_position=\u00a0\u00bbright top\u00a0\u00bb rt_bg_attachment=\u00a0\u00bbscroll\u00a0\u00bb el_class=\u00a0\u00bbtabs-content\u00a0\u00bb][vc_column_text]<\/p>\n<p style=\"text-align: center;\">Ce site est \u00e9dit\u00e9 par le<br \/>\n<strong>Forum pour l&rsquo;Investissement Responsable<\/strong>,<br \/>\nassociation Loi 1901,<br \/>\ndomicili\u00e9e au 48 rue Saint-Anne &#8211; 75002 Paris &#8211; France<\/p>\n<p style=\"text-align: center;\"><strong>Directeur de la publication<\/strong> :<br \/>\nGr\u00e9goire Coust\u00e9, D\u00e9l\u00e9gu\u00e9 g\u00e9n\u00e9ral.<\/p>\n<p>[\/vc_column_text][\/vc_column_inner][\/vc_row_inner][vc_row_inner rt_row_style=\u00a0\u00bbglobal-style\u00a0\u00bb rt_row_borders=\u00a0\u00bb\u00a0\u00bb rt_row_paddings=\u00a0\u00bbtrue\u00a0\u00bb rt_bg_effect=\u00a0\u00bbclassic\u00a0\u00bb rt_bg_image_repeat=\u00a0\u00bbrepeat\u00a0\u00bb rt_bg_size=\u00a0\u00bbcover\u00a0\u00bb rt_bg_position=\u00a0\u00bbright top\u00a0\u00bb rt_bg_attachment=\u00a0\u00bbscroll\u00a0\u00bb rt_bg_video_format=\u00a0\u00bbself-hosted\u00a0\u00bb][vc_column_inner rt_wrp_col_paddings=\u00a0\u00bbfalse\u00a0\u00bb rt_border_top=\u00a0\u00bb\u00a0\u00bb rt_border_bottom=\u00a0\u00bb\u00a0\u00bb rt_border_left=\u00a0\u00bb\u00a0\u00bb rt_border_right=\u00a0\u00bb\u00a0\u00bb rt_border_top_mobile=\u00a0\u00bb\u00a0\u00bb rt_border_bottom_mobile=\u00a0\u00bb\u00a0\u00bb rt_border_left_mobile=\u00a0\u00bb\u00a0\u00bb rt_border_right_mobile=\u00a0\u00bb\u00a0\u00bb rt_bg_image_repeat=\u00a0\u00bbrepeat\u00a0\u00bb rt_bg_size=\u00a0\u00bbauto auto\u00a0\u00bb rt_bg_position=\u00a0\u00bbright top\u00a0\u00bb rt_bg_attachment=\u00a0\u00bbscroll\u00a0\u00bb][vc_column_text]- L&rsquo;ensemble de son contenu est prot\u00e9g\u00e9 par les lois fran\u00e7aises et internationales sur la propri\u00e9t\u00e9 intellectuelle et le droit d&rsquo;auteur. Tous les droits de reproduction sont r\u00e9serv\u00e9s, y compris pour les documents t\u00e9l\u00e9chargeables et les repr\u00e9sentations iconographiques et photographiques. La reproduction de tout ou partie de ce site sur quelque support que ce soit est formellement interdite sauf autorisation expresse du Forum pour l&rsquo;Investissement Responsable. Malgr\u00e9 tous les soins apport\u00e9s \u00e0 la r\u00e9alisation de ce site et \u00e0 son actualisation r\u00e9guli\u00e8re, des erreurs peuvent s&rsquo;\u00eatre gliss\u00e9es dans les informations et\/ou documents pr\u00e9sent\u00e9s. Les utilisateurs du site proc\u00e9deront donc \u00e0 toutes v\u00e9rifications utiles, Forum pour l&rsquo;Investissement Responsable ne pouvant \u00eatre tenu pour responsable des erreurs \u00e9ventuelles.<\/p>\n<p>&#8211; Pour toute reproduction d&rsquo;articles dans un magazine publi\u00e9 sur support papier ou sous forme \u00e9lectronique, veuillez adresser votre demande par e-mail, en pr\u00e9cisant le contexte, la dur\u00e9e \u00e9ventuelle de reproduction sur un site, la nature du site (commerciale ou non), au Directeur de la publication<\/p>\n<p>&#8211; Le site du Forum pour l&rsquo;Investissement Responsable est en cours de d\u00e9claration aupr\u00e8s du Procureur de la R\u00e9publique du Tribunal de Grande Instance<\/p>\n<p>&#8211; Les informations nominatives recueillies par le biais de la messagerie \u00e9lectronique ou d&rsquo;op\u00e9rations de promotion sont exclusivement destin\u00e9es au Forum pour l&rsquo;Investissement Responsable; elles ne feront l&rsquo;objet de communications ext\u00e9rieures que pour les seules n\u00e9cessit\u00e9s de la gestion ou pour satisfaire aux obligations l\u00e9gales et r\u00e9glementaires.[\/vc_column_text][\/vc_column_inner][\/vc_row_inner][\/vc_column][vc_column width=\u00a0\u00bb1\/2&Prime; rt_wrp_col_paddings=\u00a0\u00bbfalse\u00a0\u00bb rt_border_top=\u00a0\u00bb\u00a0\u00bb rt_border_bottom=\u00a0\u00bb\u00a0\u00bb rt_border_left=\u00a0\u00bb\u00a0\u00bb rt_border_right=\u00a0\u00bb\u00a0\u00bb rt_border_top_mobile=\u00a0\u00bb\u00a0\u00bb rt_border_bottom_mobile=\u00a0\u00bb\u00a0\u00bb rt_border_left_mobile=\u00a0\u00bb\u00a0\u00bb rt_border_right_mobile=\u00a0\u00bb\u00a0\u00bb rt_bg_image_repeat=\u00a0\u00bbrepeat\u00a0\u00bb rt_bg_size=\u00a0\u00bbauto auto\u00a0\u00bb rt_bg_position=\u00a0\u00bbright top\u00a0\u00bb rt_bg_attachment=\u00a0\u00bbscroll\u00a0\u00bb][vc_row_inner rt_row_style=\u00a0\u00bbglobal-style\u00a0\u00bb rt_row_borders=\u00a0\u00bb\u00a0\u00bb rt_row_paddings=\u00a0\u00bbtrue\u00a0\u00bb rt_bg_effect=\u00a0\u00bbclassic\u00a0\u00bb rt_bg_image_repeat=\u00a0\u00bbrepeat\u00a0\u00bb rt_bg_size=\u00a0\u00bbcover\u00a0\u00bb rt_bg_position=\u00a0\u00bbright top\u00a0\u00bb rt_bg_attachment=\u00a0\u00bbscroll\u00a0\u00bb rt_bg_video_format=\u00a0\u00bbself-hosted\u00a0\u00bb][vc_column_inner rt_wrp_col_paddings=\u00a0\u00bbfalse\u00a0\u00bb rt_border_top=\u00a0\u00bb\u00a0\u00bb rt_border_bottom=\u00a0\u00bb\u00a0\u00bb rt_border_left=\u00a0\u00bb\u00a0\u00bb rt_border_right=\u00a0\u00bb\u00a0\u00bb rt_border_top_mobile=\u00a0\u00bb\u00a0\u00bb rt_border_bottom_mobile=\u00a0\u00bb\u00a0\u00bb rt_border_left_mobile=\u00a0\u00bb\u00a0\u00bb rt_border_right_mobile=\u00a0\u00bb\u00a0\u00bb rt_bg_image_repeat=\u00a0\u00bbrepeat\u00a0\u00bb rt_bg_size=\u00a0\u00bbauto auto\u00a0\u00bb rt_bg_position=\u00a0\u00bbright top\u00a0\u00bb rt_bg_attachment=\u00a0\u00bbscroll\u00a0\u00bb][vc_column_text]- Le Forum pour l&rsquo;Investissement Responsable respecte les recommandations concernant les traitements automatis\u00e9s mis en oeuvre dans le cadre des sites Internet par la Commission Nationale de l&rsquo;Informatique et des Libert\u00e9s (C.N.I.L.) en application des articles 15 et 16 de la loi 78-17 du 6 janvier 1978 relative \u00e0 l&rsquo;informatique, aux fichiers et aux libert\u00e9s. La d\u00e9claration \u00e0 la CNIL est en cours. L&rsquo;utilisateur(trice) de ce site est inform\u00e9(e) qu&rsquo;il(elle) dispose d&rsquo;un droit d&rsquo;acc\u00e8s, de modification, de rectification et de suppression des donn\u00e9es qui le concernent (art. 34 et suivants de la loi du 06\/01\/78 \u00a0\u00bb Informatique et Libert\u00e9s). Pour l&rsquo;exercer, contactez le Directeur de la publication ou adresser un courrier \u00e0 l&rsquo;adresse suivante :<\/p>\n<p align=\"center\"><strong>Forum pour l&rsquo;Investissement Responsable<br \/>\n<\/strong>Monsieur le D\u00e9l\u00e9gu\u00e9 g\u00e9n\u00e9ral<br \/>\n48 rue Saint-Anne<br \/>\n75002 Paris &#8211; France<\/p>\n<p>&nbsp;<\/p>\n<p>\u2013 En se connectant sur le site du Forum pour l\u2019Investissement Responsable, et de ce seul fait, l\u2019utilisateur(trice) reconna\u00eet accepter du Forum pour l\u2019Investissement Responsable, \u00e9diteur du site, une licence dans les pr\u00e9sentes conditions :<\/p>\n<ul>\n<li>L\u2019utilisateur(trice) obtient gr\u00e2ce \u00e0 cette licence un droit d\u2019usage priv\u00e9, non collectif et non exclusif, sur les contenus du site. Elle comprend le droit de reproduire pour stockage aux fins de repr\u00e9sentation sur \u00e9cran monoposte et de reproduction, en un exemplaire, pour copie de sauvegarde ou tirage sur papier.<\/li>\n<li>Toute mise en r\u00e9seau, toute rediffusion, sous quelque forme que ce soit, partielle ou totale, sont donc explicitement interdites sans l\u2019autorisation expresse et pr\u00e9alable du Forum pour l\u2019Investissement Responsable.<\/li>\n<li>Ce droit est personnel, il est r\u00e9serv\u00e9 \u00e0 l\u2019usage exclusif et non collectif du licenci\u00e9, sauf abonnement sp\u00e9cifique. Il n\u2019est transmissible en aucune mani\u00e8re.<\/li>\n<li>Tout autre usage est soumis \u00e0 autorisation pr\u00e9alable et expresse.<\/li>\n<\/ul>\n<p>[\/vc_column_text][\/vc_column_inner][\/vc_row_inner][\/vc_column][\/vc_row][vc_row rt_row_background_width=\u00a0\u00bbdefault\u00a0\u00bb rt_row_style=\u00a0\u00bbdefault-style\u00a0\u00bb rt_row_borders=\u00a0\u00bb\u00a0\u00bb rt_row_paddings=\u00a0\u00bbtrue\u00a0\u00bb rt_bg_effect=\u00a0\u00bbclassic\u00a0\u00bb rt_bg_image_repeat=\u00a0\u00bbrepeat\u00a0\u00bb rt_bg_size=\u00a0\u00bbcover\u00a0\u00bb rt_bg_position=\u00a0\u00bbright top\u00a0\u00bb rt_bg_attachment=\u00a0\u00bbscroll\u00a0\u00bb rt_bg_video_format=\u00a0\u00bbself-hosted\u00a0\u00bb el_id=\u00a0\u00bbpolitique-des-cookies\u00a0\u00bb css=\u00a0\u00bb.vc_custom_1546629709548{margin-top: 50px !important;}\u00a0\u00bb][vc_column rt_wrp_col_paddings=\u00a0\u00bbfalse\u00a0\u00bb rt_border_top=\u00a0\u00bb\u00a0\u00bb rt_border_bottom=\u00a0\u00bb\u00a0\u00bb rt_border_left=\u00a0\u00bb\u00a0\u00bb rt_border_right=\u00a0\u00bb\u00a0\u00bb rt_border_top_mobile=\u00a0\u00bb\u00a0\u00bb rt_border_bottom_mobile=\u00a0\u00bb\u00a0\u00bb rt_border_left_mobile=\u00a0\u00bb\u00a0\u00bb rt_border_right_mobile=\u00a0\u00bb\u00a0\u00bb rt_bg_image_repeat=\u00a0\u00bbrepeat\u00a0\u00bb rt_bg_size=\u00a0\u00bbauto auto\u00a0\u00bb rt_bg_position=\u00a0\u00bbright top\u00a0\u00bb rt_bg_attachment=\u00a0\u00bbscroll\u00a0\u00bb][vc_column_text]<\/p>\n<h2><strong>Politique des cookies<\/strong><\/h2>\n<p><strong>Qu\u2019est-ce qu\u2019un cookie ?<\/strong><br \/>\nLes cookies sont de petits fichiers texte qui sont install\u00e9s sur votre ordinateur ou votre p\u00e9riph\u00e9rique lorsque vous visitez notre site Web.<\/p>\n<p><strong>Finalit\u00e9 des cookies<\/strong><br \/>\nNous utilisons les cookies afin de rendre vos visites plus efficaces. Les cookies nous permettent \u00e9galement d\u2019am\u00e9liorer la navigation sur notre site.<\/p>\n<p><strong>Informations collect\u00e9es gr\u00e2ce aux cookies<\/strong><br \/>\nLes cookies nous aident \u00e0 recueillir des renseignements sur la fa\u00e7on dont vous utilisez notre site Web, mais nous ne conservons aucune information permettant de vous identifier personnellement dans les donn\u00e9es de nos cookies vous concernant.<\/p>\n<p><strong>Types de cookies<\/strong><br \/>\nCookies de session : les cookies de ce type sont temporairement stock\u00e9s sur votre ordinateur ou votre p\u00e9riph\u00e9rique pendant une session de navigation. Ils sont effac\u00e9s de votre ordinateur ou de votre p\u00e9riph\u00e9rique \u00e0 la fin de la session de navigation.<\/p>\n<p><strong>Gestion des cookies<\/strong><br \/>\nLe menu de la plupart des navigateurs comporte des options vous permettant de g\u00e9rer vos cookies en r\u00e9glant ou en configurant vos param\u00e8tres de cookies. G\u00e9n\u00e9ralement, le navigateur vous offre la possibilit\u00e9 :<\/p>\n<ul>\n<li>D\u2019afficher vos cookies ;<\/li>\n<li>D\u2019autoriser les cookies ;<\/li>\n<li>De d\u00e9sactiver tous les cookies, ou uniquement des cookies pr\u00e9cis ;<\/li>\n<li>De d\u00e9sactiver tous les cookies lorsque vous fermez votre navigateur ;<\/li>\n<li>De bloquer les cookies ;<\/li>\n<li>D\u2019\u00eatre inform\u00e9 lorsque vous recevez un cookie.<\/li>\n<\/ul>\n<p>&nbsp;<\/p>\n<p>Veuillez noter qu\u2019\u00e0 moins que vous n\u2019ayez r\u00e9gl\u00e9 les param\u00e8tres de votre navigateur de fa\u00e7on \u00e0 refuser les cookies, notre syst\u00e8me \u00e9mettra des cookies d\u00e8s que vous vous rendrez sur notre site.<\/p>\n<p><strong>Informations suppl\u00e9mentaires sur les cookies<\/strong><br \/>\nPour en savoir plus sur les cookies, nous vous invitons \u00e0 consulter la page de la CNIL :<br \/>\n<a style=\"color: #5e5349; text-decoration: underline !important;\" href=\"http:\/\/www.cnil.fr\/vos-libertes\/vos-traces\/les-cookies\/\">http:\/\/www.cnil.fr\/vos-libertes\/vos-traces\/les-cookies\/<\/a>[\/vc_column_text][\/vc_column][\/vc_row]<\/p>\n<\/div>","protected":false},"excerpt":{"rendered":"<p>[vc_row rt_row_background_width=\u00a0\u00bbdefault\u00a0\u00bb rt_row_style=\u00a0\u00bbdefault-style\u00a0\u00bb rt_row_borders=\u00a0\u00bb\u00a0\u00bb rt_row_paddings=\u00a0\u00bbtrue\u00a0\u00bb rt_bg_effect=\u00a0\u00bbclassic\u00a0\u00bb rt_bg_image_repeat=\u00a0\u00bbrepeat\u00a0\u00bb rt_bg_size=\u00a0\u00bbcover\u00a0\u00bb rt_bg_position=\u00a0\u00bbright top\u00a0\u00bb rt_bg_attachment=\u00a0\u00bbscroll\u00a0\u00bb rt_bg_video_format=\u00a0\u00bbself-hosted\u00a0\u00bb][vc_column rt_wrp_col_paddings=\u00a0\u00bbfalse\u00a0\u00bb rt_border_top=\u00a0\u00bb\u00a0\u00bb rt_border_bottom=\u00a0\u00bb\u00a0\u00bb rt_border_left=\u00a0\u00bb\u00a0\u00bb rt_border_right=\u00a0\u00bb\u00a0\u00bb rt_border_top_mobile=\u00a0\u00bb\u00a0\u00bb rt_border_bottom_mobile=\u00a0\u00bb\u00a0\u00bb rt_border_left_mobile=\u00a0\u00bb\u00a0\u00bb rt_border_right_mobile=\u00a0\u00bb\u00a0\u00bb rt_bg_image_repeat=\u00a0\u00bbrepeat\u00a0\u00bb rt_bg_size=\u00a0\u00bbauto auto\u00a0\u00bb rt_bg_position=\u00a0\u00bbright top\u00a0\u00bb rt_bg_attachment=\u00a0\u00bbscroll\u00a0\u00bb][vc_column_text] Forum pour l&rsquo;Investissement Responsable (FIR) [\/vc_column_text][\/vc_column][\/vc_row][vc_row rt_row_background_width=\u00a0\u00bbdefault\u00a0\u00bb rt_row_style=\u00a0\u00bbdefault-style\u00a0\u00bb rt_row_borders=\u00a0\u00bb\u00a0\u00bb rt_row_paddings=\u00a0\u00bbtrue\u00a0\u00bb rt_bg_effect=\u00a0\u00bbclassic\u00a0\u00bb rt_bg_image_repeat=\u00a0\u00bbrepeat\u00a0\u00bb rt_bg_size=\u00a0\u00bbcover\u00a0\u00bb rt_bg_position=\u00a0\u00bbright top\u00a0\u00bb rt_bg_attachment=\u00a0\u00bbscroll\u00a0\u00bb rt_bg_video_format=\u00a0\u00bbself-hosted\u00a0\u00bb][vc_column width=\u00a0\u00bb1\/2&Prime; rt_wrp_col_paddings=\u00a0\u00bbfalse\u00a0\u00bb rt_border_top=\u00a0\u00bb\u00a0\u00bb rt_border_bottom=\u00a0\u00bb\u00a0\u00bb rt_border_left=\u00a0\u00bb\u00a0\u00bb rt_border_right=\u00a0\u00bb\u00a0\u00bb rt_border_top_mobile=\u00a0\u00bb\u00a0\u00bb rt_border_bottom_mobile=\u00a0\u00bb\u00a0\u00bb rt_border_left_mobile=\u00a0\u00bb\u00a0\u00bb rt_border_right_mobile=\u00a0\u00bb\u00a0\u00bb rt_bg_image_repeat=\u00a0\u00bbrepeat\u00a0\u00bb [&hellip;]<\/p>\n","protected":false},"author":3,"featured_media":0,"parent":0,"menu_order":20,"comment_status":"closed","ping_status":"closed","template":"","meta":{"footnotes":""},"class_list":["post-10879","page","type-page","status-publish","hentry"],"yoast_head":"<!-- This site is optimized with the Yoast SEO plugin v27.2 - https:\/\/yoast.com\/product\/yoast-seo-wordpress\/ -->\n<title>Informations l\u00e9gales - FIR<\/title>\n<meta name=\"description\" content=\"Ce site est \u00e9dit\u00e9 par le Forum pour l&#039;Investissement Responsable, association Loi 1901, domicili\u00e9e au 48 rue Saint-Anne, 75002 Paris - France\" \/>\n<meta name=\"robots\" content=\"index, follow, max-snippet:-1, max-image-preview:large, max-video-preview:-1\" \/>\n<link rel=\"canonical\" href=\"https:\/\/www.frenchsif.org\/isr_esg\/informations-legales\/\" \/>\n<meta property=\"og:locale\" content=\"fr_FR\" \/>\n<meta property=\"og:type\" content=\"article\" \/>\n<meta property=\"og:title\" content=\"Informations l\u00e9gales - FIR\" \/>\n<meta property=\"og:description\" content=\"Ce site est \u00e9dit\u00e9 par le Forum pour l&#039;Investissement Responsable, association Loi 1901, domicili\u00e9e au 48 rue Saint-Anne, 75002 Paris - France\" \/>\n<meta property=\"og:url\" content=\"https:\/\/www.frenchsif.org\/isr_esg\/informations-legales\/\" \/>\n<meta property=\"og:site_name\" content=\"Forum pour l&#039;Investissement Responsable - FIR\" \/>\n<meta property=\"article:modified_time\" content=\"2022-07-09T02:01:13+00:00\" \/>\n<meta name=\"twitter:card\" content=\"summary_large_image\" \/>\n<meta name=\"twitter:label1\" content=\"Dur\u00e9e de lecture estim\u00e9e\" \/>\n\t<meta name=\"twitter:data1\" content=\"6 minutes\" \/>\n<script type=\"application\/ld+json\" class=\"yoast-schema-graph\">{\"@context\":\"https:\/\/schema.org\",\"@graph\":[{\"@type\":\"WebPage\",\"@id\":\"https:\/\/www.frenchsif.org\/isr_esg\/informations-legales\/\",\"url\":\"https:\/\/www.frenchsif.org\/isr_esg\/informations-legales\/\",\"name\":\"Informations l\u00e9gales - FIR\",\"isPartOf\":{\"@id\":\"https:\/\/www.frenchsif.org\/isr_esg\/#website\"},\"datePublished\":\"2012-02-14T12:21:30+00:00\",\"dateModified\":\"2022-07-09T02:01:13+00:00\",\"description\":\"Ce site est \u00e9dit\u00e9 par le Forum pour l'Investissement Responsable, association Loi 1901, domicili\u00e9e au 48 rue Saint-Anne, 75002 Paris - France\",\"breadcrumb\":{\"@id\":\"https:\/\/www.frenchsif.org\/isr_esg\/informations-legales\/#breadcrumb\"},\"inLanguage\":\"fr-FR\",\"potentialAction\":[{\"@type\":\"ReadAction\",\"target\":[\"https:\/\/www.frenchsif.org\/isr_esg\/informations-legales\/\"]}]},{\"@type\":\"BreadcrumbList\",\"@id\":\"https:\/\/www.frenchsif.org\/isr_esg\/informations-legales\/#breadcrumb\",\"itemListElement\":[{\"@type\":\"ListItem\",\"position\":1,\"name\":\"Accueil\",\"item\":\"https:\/\/www.frenchsif.org\/isr_esg\/\"},{\"@type\":\"ListItem\",\"position\":2,\"name\":\"Informations l\u00e9gales\"}]},{\"@type\":\"WebSite\",\"@id\":\"https:\/\/www.frenchsif.org\/isr_esg\/#website\",\"url\":\"https:\/\/www.frenchsif.org\/isr_esg\/\",\"name\":\"Forum pour l&#039;Investissement Responsable - FIR\",\"description\":\"PROMOUVOIR L&#039;INVESTISSEMENT SOCIALEMENT RESPONSABLE AU C\u0152UR DE NOTRE ACTION\",\"potentialAction\":[{\"@type\":\"SearchAction\",\"target\":{\"@type\":\"EntryPoint\",\"urlTemplate\":\"https:\/\/www.frenchsif.org\/isr_esg\/?s={search_term_string}\"},\"query-input\":{\"@type\":\"PropertyValueSpecification\",\"valueRequired\":true,\"valueName\":\"search_term_string\"}}],\"inLanguage\":\"fr-FR\"}]}<\/script>\n<!-- \/ Yoast SEO plugin. -->","yoast_head_json":{"title":"Informations l\u00e9gales - FIR","description":"Ce site est \u00e9dit\u00e9 par le Forum pour l'Investissement Responsable, association Loi 1901, domicili\u00e9e au 48 rue Saint-Anne, 75002 Paris - France","robots":{"index":"index","follow":"follow","max-snippet":"max-snippet:-1","max-image-preview":"max-image-preview:large","max-video-preview":"max-video-preview:-1"},"canonical":"https:\/\/www.frenchsif.org\/isr_esg\/informations-legales\/","og_locale":"fr_FR","og_type":"article","og_title":"Informations l\u00e9gales - FIR","og_description":"Ce site est \u00e9dit\u00e9 par le Forum pour l'Investissement Responsable, association Loi 1901, domicili\u00e9e au 48 rue Saint-Anne, 75002 Paris - France","og_url":"https:\/\/www.frenchsif.org\/isr_esg\/informations-legales\/","og_site_name":"Forum pour l&#039;Investissement Responsable - FIR","article_modified_time":"2022-07-09T02:01:13+00:00","twitter_card":"summary_large_image","twitter_misc":{"Dur\u00e9e de lecture estim\u00e9e":"6 minutes"},"schema":{"@context":"https:\/\/schema.org","@graph":[{"@type":"WebPage","@id":"https:\/\/www.frenchsif.org\/isr_esg\/informations-legales\/","url":"https:\/\/www.frenchsif.org\/isr_esg\/informations-legales\/","name":"Informations l\u00e9gales - FIR","isPartOf":{"@id":"https:\/\/www.frenchsif.org\/isr_esg\/#website"},"datePublished":"2012-02-14T12:21:30+00:00","dateModified":"2022-07-09T02:01:13+00:00","description":"Ce site est \u00e9dit\u00e9 par le Forum pour l'Investissement Responsable, association Loi 1901, domicili\u00e9e au 48 rue Saint-Anne, 75002 Paris - France","breadcrumb":{"@id":"https:\/\/www.frenchsif.org\/isr_esg\/informations-legales\/#breadcrumb"},"inLanguage":"fr-FR","potentialAction":[{"@type":"ReadAction","target":["https:\/\/www.frenchsif.org\/isr_esg\/informations-legales\/"]}]},{"@type":"BreadcrumbList","@id":"https:\/\/www.frenchsif.org\/isr_esg\/informations-legales\/#breadcrumb","itemListElement":[{"@type":"ListItem","position":1,"name":"Accueil","item":"https:\/\/www.frenchsif.org\/isr_esg\/"},{"@type":"ListItem","position":2,"name":"Informations l\u00e9gales"}]},{"@type":"WebSite","@id":"https:\/\/www.frenchsif.org\/isr_esg\/#website","url":"https:\/\/www.frenchsif.org\/isr_esg\/","name":"Forum pour l&#039;Investissement Responsable - FIR","description":"PROMOUVOIR L&#039;INVESTISSEMENT SOCIALEMENT RESPONSABLE AU C\u0152UR DE NOTRE ACTION","potentialAction":[{"@type":"SearchAction","target":{"@type":"EntryPoint","urlTemplate":"https:\/\/www.frenchsif.org\/isr_esg\/?s={search_term_string}"},"query-input":{"@type":"PropertyValueSpecification","valueRequired":true,"valueName":"search_term_string"}}],"inLanguage":"fr-FR"}]}},"_links":{"self":[{"href":"https:\/\/www.frenchsif.org\/isr_esg\/wp-json\/wp\/v2\/pages\/10879","targetHints":{"allow":["GET"]}}],"collection":[{"href":"https:\/\/www.frenchsif.org\/isr_esg\/wp-json\/wp\/v2\/pages"}],"about":[{"href":"https:\/\/www.frenchsif.org\/isr_esg\/wp-json\/wp\/v2\/types\/page"}],"author":[{"embeddable":true,"href":"https:\/\/www.frenchsif.org\/isr_esg\/wp-json\/wp\/v2\/users\/3"}],"replies":[{"embeddable":true,"href":"https:\/\/www.frenchsif.org\/isr_esg\/wp-json\/wp\/v2\/comments?post=10879"}],"version-history":[{"count":0,"href":"https:\/\/www.frenchsif.org\/isr_esg\/wp-json\/wp\/v2\/pages\/10879\/revisions"}],"wp:attachment":[{"href":"https:\/\/www.frenchsif.org\/isr_esg\/wp-json\/wp\/v2\/media?parent=10879"}],"curies":[{"name":"wp","href":"https:\/\/api.w.org\/{rel}","templated":true}]}}